{"id":25,"date":"2022-09-17T16:25:29","date_gmt":"2022-09-17T15:25:29","guid":{"rendered":"https:\/\/www.xn--sknhedssalonenformndogkvinder-7rc55c.dk\/?page_id=25"},"modified":"2022-09-23T23:14:54","modified_gmt":"2022-09-23T22:14:54","slug":"priser","status":"publish","type":"page","link":"https:\/\/www.xn--sknhedssalonenformndogkvinder-7rc55c.dk\/?page_id=25","title":{"rendered":"Priser"},"content":{"rendered":"\n<figure class=\"wp-block-table alignwide\" style=\"line-height:1.1\"><table><tbody><tr><td class=\"has-text-align-left\" data-align=\"left\"><strong>Kosmetisk behandling med botulinumtoksin<\/strong><\/td><td class=\"has-text-align-right\" data-align=\"right\"><\/td><\/tr><tr><td class=\"has-text-align-left\" data-align=\"left\">\u00c9t omr\u00e5de<\/td><td class=\"has-text-align-right\" data-align=\"right\">1.200,-<\/td><\/tr><tr><td class=\"has-text-align-left\" data-align=\"left\">To omr\u00e5der<\/td><td class=\"has-text-align-right\" data-align=\"right\">1.800,-<\/td><\/tr><tr><td class=\"has-text-align-left\" data-align=\"left\">Tre omr\u00e5der<\/td><td class=\"has-text-align-right\" data-align=\"right\">2.600,-<\/td><\/tr><tr><td class=\"has-text-align-left\" data-align=\"left\"><strong>Retinol peeling<\/strong><br>F\u00e5 fornyet sp\u00e6ndstighed og gl\u00f8d, j\u00e6vnere hudstruktur og hudtone og f\u00e6rre alderstegn.<\/td><td class=\"has-text-align-right\" data-align=\"right\">1.500,-<\/td><\/tr><tr><td class=\"has-text-align-left\" data-align=\"left\"><strong>Neostrata basisbehandling 1<\/strong><br>Afrensning, ansigtsmassage, maske, dagcreme<\/td><td class=\"has-text-align-right\" data-align=\"right\">675,-<\/td><\/tr><tr><td class=\"has-text-align-left\" data-align=\"left\"><strong>Neostrata basisbehandling 2<\/strong><br>Afrensning, AHA-PHA peeling ,ansigtsmassage, maske, dagcreme.<\/td><td class=\"has-text-align-right\" data-align=\"right\">900,-<\/td><\/tr><tr><td class=\"has-text-align-left\" data-align=\"left\"><strong>Neostrata rensende behandling<\/strong><br>Afrensning, AHA-PHA peeling, dybderensning, maske, dagcreme.<\/td><td class=\"has-text-align-right\" data-align=\"right\">850,-<\/td><\/tr><tr><td class=\"has-text-align-left\" data-align=\"left\"><strong>Neostrata Classic<\/strong><br>Afrensning, AHA-PHA peeling, udrensning, ansigtsmassage, maske, dagcreme.<\/td><td class=\"has-text-align-right\" data-align=\"right\">995,-<\/td><\/tr><tr><td class=\"has-text-align-left\" data-align=\"left\"><strong>Neostrata AHA-PHA kurbehandling<\/strong><br>Afrensning, AHA-PHA peeling, dagcreme.<\/td><td class=\"has-text-align-right\" data-align=\"right\">550,-<\/td><\/tr><tr><td class=\"has-text-align-left\" data-align=\"left\"><strong>Neostrata luksus ansigtsbehandling<\/strong><br>Afrensning, AHA-PHA peeling, udrensning, ansigtsmassage, maske, farvning af vipper og bryn, dagcreme.<\/td><td class=\"has-text-align-right\" data-align=\"right\">1.100,-<\/td><\/tr><tr><td class=\"has-text-align-left\" data-align=\"left\"><strong>Ansigtsmassage<\/strong><br>Afstressende massage for krop og sj\u00e6l.<\/td><td class=\"has-text-align-right\" data-align=\"right\">550,-<\/td><\/tr><tr><td class=\"has-text-align-left\" data-align=\"left\"><strong>Neostrata rygbehandling<\/strong><br>Afrensning, AHA-PHA peeling, udrensning, maske, plejende creme.<\/td><td class=\"has-text-align-right\" data-align=\"right\">1.500,-<\/td><\/tr><tr><td class=\"has-text-align-left\" data-align=\"left\"><strong>Ekstraydelser<\/strong><br>i forbindelse med ansigtsbehandling:<\/td><td class=\"has-text-align-right\" data-align=\"right\"><\/td><\/tr><tr><td class=\"has-text-align-left\" data-align=\"left\">Superpeeling<\/td><td class=\"has-text-align-right\" data-align=\"right\">250,-<\/td><\/tr><tr><td class=\"has-text-align-left\" data-align=\"left\">\u00d8jenbehandling<\/td><td class=\"has-text-align-right\" data-align=\"right\">200,-<\/td><\/tr><tr><td class=\"has-text-align-left\" data-align=\"left\">Voksbehandling<\/td><td class=\"has-text-align-right\" data-align=\"right\">200,-<\/td><\/tr><tr><td class=\"has-text-align-left\" data-align=\"left\"><strong>Microdermobrasion<\/strong><\/td><td class=\"has-text-align-right\" data-align=\"right\"><\/td><\/tr><tr><td class=\"has-text-align-left\" data-align=\"left\">Basis ansigtsbehandling<br>Afrensning, afslibning af huden, plejende maske, afsluttende creme med solbeskytelse, samt produkt &amp; plejevejledning<\/td><td class=\"has-text-align-right\" data-align=\"right\">950,-<\/td><\/tr><tr><td class=\"has-text-align-left\" data-align=\"left\">Behandling af ansigt , hals &amp; decolt\u00e9<br>Afrensning, afslibning af huden i ansigt, hals &amp; decolt\u00e9, plejende maske, afsluttende creme med solbeskyttelse samt produkt &amp; plejevejledning<\/td><td class=\"has-text-align-right\" data-align=\"right\">1.500,-<\/td><\/tr><tr><td class=\"has-text-align-left\" data-align=\"left\">Ekstraydelser<\/td><td class=\"has-text-align-right\" data-align=\"right\"><\/td><\/tr><tr><td class=\"has-text-align-left\" data-align=\"left\">Hudafslibning p\u00e5 h\u00e6nder<\/td><td class=\"has-text-align-right\" data-align=\"right\">600,-<\/td><\/tr><tr><td class=\"has-text-align-left\" data-align=\"left\"><strong>Farvning af vipper og bryn<\/strong><\/td><td class=\"has-text-align-right\" data-align=\"right\"><\/td><\/tr><tr><td class=\"has-text-align-left\" data-align=\"left\">Farvning af vipper og bryn, inkl. retning af bryn<\/td><td class=\"has-text-align-right\" data-align=\"right\">450,-<\/td><\/tr><tr><td class=\"has-text-align-left\" data-align=\"left\">i forb. med ansigtsbehandling<\/td><td class=\"has-text-align-right\" data-align=\"right\">300,-<\/td><\/tr><tr><td class=\"has-text-align-left\" data-align=\"left\">Farvning af bryn eller vipper<\/td><td class=\"has-text-align-right\" data-align=\"right\">250,-<\/td><\/tr><tr><td class=\"has-text-align-left\" data-align=\"left\">Retning af bryn<\/td><td class=\"has-text-align-right\" data-align=\"right\">250,-<\/td><\/tr><tr><td class=\"has-text-align-left\" data-align=\"left\">Farvning af bryn eller vipper samt retning af bryn<\/td><td class=\"has-text-align-right\" data-align=\"right\">350,-<\/td><\/tr><tr><td class=\"has-text-align-left\" data-align=\"left\"><strong>H\u00e5rfjerning<\/strong><\/td><td class=\"has-text-align-right\" data-align=\"right\"><\/td><\/tr><tr><td class=\"has-text-align-left\" data-align=\"left\">Underben inkl. kn\u00e6<\/td><td class=\"has-text-align-right\" data-align=\"right\">500,-<\/td><\/tr><tr><td class=\"has-text-align-left\" data-align=\"left\">Hele ben<\/td><td class=\"has-text-align-right\" data-align=\"right\">700,-<\/td><\/tr><tr><td class=\"has-text-align-left\" data-align=\"left\">Hele ben incl. bikinilinje<\/td><td class=\"has-text-align-right\" data-align=\"right\">800,-<\/td><\/tr><tr><td class=\"has-text-align-left\" data-align=\"left\">Bikinilinje \/ axi \/ mave<\/td><td class=\"has-text-align-right\" data-align=\"right\">450,-<\/td><\/tr><tr><td class=\"has-text-align-left\" data-align=\"left\">Overl\u00e6be \/ hage \/ kinder<\/td><td class=\"has-text-align-right\" data-align=\"right\">250,-<\/td><\/tr><tr><td class=\"has-text-align-left\" data-align=\"left\">Ryg \/ bryst \/ l\u00e6nd<\/td><td class=\"has-text-align-right\" data-align=\"right\">550,-<\/td><\/tr><tr><td class=\"has-text-align-left\" data-align=\"left\">Arme<\/td><td class=\"has-text-align-right\" data-align=\"right\">450,-<\/td><\/tr><\/tbody><\/table><\/figure>\n","protected":false},"excerpt":{"rendered":"<p>Kosmetisk behandling med botulinumtoksin \u00c9t omr\u00e5de 1.200,- To omr\u00e5der 1.800,- Tre omr\u00e5der 2.600,- Retinol peelingF\u00e5 fornyet sp\u00e6ndstighed og gl\u00f8d, j\u00e6vnere hudstruktur og hudtone og f\u00e6rre alderstegn. 1.500,- Neostrata basisbehandling 1Afrensning, ansigtsmassage, maske, dagcreme 675,- Neostrata basisbehandling 2Afrensning, AHA-PHA peeling ,ansigtsmassage, maske, dagcreme. 900,- Neostrata rensende behandlingAfrensning, AHA-PHA peeling, dybderensning, maske, dagcreme. 850,- Neostrata ClassicAfrensning, AHA-PHA [&hellip;]<\/p>\n","protected":false},"author":1,"featured_media":0,"parent":0,"menu_order":7,"comment_status":"closed","ping_status":"closed","template":"wp-custom-template-full-width","meta":{"footnotes":""},"class_list":["post-25","page","type-page","status-publish","hentry"],"_links":{"self":[{"href":"https:\/\/www.xn--sknhedssalonenformndogkvinder-7rc55c.dk\/index.php?rest_route=\/wp\/v2\/pages\/25","targetHints":{"allow":["GET"]}}],"collection":[{"href":"https:\/\/www.xn--sknhedssalonenformndogkvinder-7rc55c.dk\/index.php?rest_route=\/wp\/v2\/pages"}],"about":[{"href":"https:\/\/www.xn--sknhedssalonenformndogkvinder-7rc55c.dk\/index.php?rest_route=\/wp\/v2\/types\/page"}],"author":[{"embeddable":true,"href":"https:\/\/www.xn--sknhedssalonenformndogkvinder-7rc55c.dk\/index.php?rest_route=\/wp\/v2\/users\/1"}],"replies":[{"embeddable":true,"href":"https:\/\/www.xn--sknhedssalonenformndogkvinder-7rc55c.dk\/index.php?rest_route=%2Fwp%2Fv2%2Fcomments&post=25"}],"version-history":[{"count":3,"href":"https:\/\/www.xn--sknhedssalonenformndogkvinder-7rc55c.dk\/index.php?rest_route=\/wp\/v2\/pages\/25\/revisions"}],"predecessor-version":[{"id":196,"href":"https:\/\/www.xn--sknhedssalonenformndogkvinder-7rc55c.dk\/index.php?rest_route=\/wp\/v2\/pages\/25\/revisions\/196"}],"wp:attachment":[{"href":"https:\/\/www.xn--sknhedssalonenformndogkvinder-7rc55c.dk\/index.php?rest_route=%2Fwp%2Fv2%2Fmedia&parent=25"}],"curies":[{"name":"wp","href":"https:\/\/api.w.org\/{rel}","templated":true}]}}