{"id":22,"date":"2022-09-17T16:25:56","date_gmt":"2022-09-17T15:25:56","guid":{"rendered":"https:\/\/www.xn--sknhedssalonenformndogkvinder-7rc55c.dk\/?page_id=22"},"modified":"2022-09-29T18:53:55","modified_gmt":"2022-09-29T17:53:55","slug":"kropsbehandling","status":"publish","type":"page","link":"https:\/\/www.xn--sknhedssalonenformndogkvinder-7rc55c.dk\/?page_id=22","title":{"rendered":"Kropsbehandling"},"content":{"rendered":"\n<div class=\"wp-block-group alignwide is-vertical is-layout-flex wp-container-core-group-is-layout-fe9cc265 wp-block-group-is-layout-flex\">\n<figure class=\"wp-block-image size-full is-resized\"><img loading=\"lazy\" decoding=\"async\" src=\"https:\/\/www.xn--sknhedssalonenformndogkvinder-7rc55c.dk\/wp-content\/uploads\/2022\/09\/Katja.png\" alt=\"\" class=\"wp-image-23\" width=\"169\" height=\"225\"\/><\/figure>\n\n\n\n<p style=\"line-height:1\">Jeg hedder Katja. Jeg er en professionel sportskvinde. Jeg har deltaget i de Olympiske Lege (4. plads) og er dobbelt verdensmester i roning. Min karriere som sportskvinde, har givet mig erfaring, og kompetence, som nu forts\u00e6ttes som mass\u00f8r. Jeg er uddannet p\u00e5 Det Nationale Universitet for Idr\u00e6tskultur og Sport i byen Kiev; Ukraine. Jeg har 20 \u00e5rs erfaring som mass\u00f8r.<br><strong>Tlf.: 28 79 48 97<\/strong><\/p>\n<\/div>\n\n\n\n<div class=\"wp-block-group alignwide is-layout-flow wp-block-group-is-layout-flow\">\n<p style=\"line-height:1\">Der findes mange forskellige former for massage, men den mest almindelige er fysiurgisk massage (ogs\u00e5 kaldet klassisk massage), honningmassage. Fysiurgisk (klassisk) massage anser jeg som den rigtige behandlingsform, hvis du har lokale smerter, der kan relatere sig til muskelsp\u00e6ndinger.<br>Klassisk massage l\u00f8sner op for sp\u00e6ndte muskler, aktiverer immunsystemet, forebygger infiltrationer, \u00f8ger blodcirkulationen og er afstressende.<br>Massage kan hj\u00e6lpe p\u00e5 mange problemer. Overst\u00e5ende er blot nogle f\u00e5 eksempler:<\/p>\n\n\n\n<ul class=\"wp-block-list\" style=\"line-height:1\"><li>Formindsket blodgennemstr\u00f8mning<\/li><li>Stress<\/li><li>Rygproblemer<\/li><li>Muskel\u00f8mhed og sp\u00e6ndinger<\/li><li>Musearm<\/li><li>Manglede energi<\/li><\/ul>\n\n\n\n<p style=\"line-height:1\">Priser<br>Del-massage, ca. 30 min.&nbsp;360.-<br>Hel-massage, ca. 1 time.&nbsp;650.-<\/p>\n\n\n\n<p style=\"line-height:1\"><strong>Honningmassage<\/strong> fjerner tr\u00e6thed \u2013 giver fornemmelse af lethed og friskhed.<br>Ved fork\u00f8lelse, hoste og rygsmerter er honningmassage ikke kun en meget effektiv middel, men simpelthen uerstatteligt. Massagen anbefales som en del af en behandling mod cellulitis. Honningmassage \u00f8ger blodcirkulationen i muskler og hudens bindev\u00e6v betragteligt \u2013 herved forbedres stofskiftet.<\/p>\n\n\n\n<p style=\"line-height:1\">Priser<br>Del-massage, ca. 40 min.&nbsp;430.-<br>Hel-massage, ca. 90 min.&nbsp;900.-<\/p>\n\n\n\n<p style=\"line-height:1\"><strong>Disse behandlinger tilbydes ogs\u00e5 i 5 og 10 rabatkort &#8211; med hhv. 10% og 20% rabat!<br>Et rabatkort kan benyttes af alle i husstanden &#8211; eller medarbejdere i en virksomhed.<\/strong><\/p>\n\n\n\n<p style=\"line-height:1\">Massage kan ogs\u00e5 bruges, hvis du tr\u00e6nger til at fork\u00e6le dig selv rigtig godt og grundigt. Hvis du har en god ven eller veninde, kan du overraske dem med et gavekort til en dejlig oplevelse.<\/p>\n\n\n\n<p style=\"line-height:1\"><strong>OBS! Der kan desv\u00e6rre ikke betales med Dankort. <\/strong>Jeg modtager kontant betaling, MobilePay,\u00a0 gavekort eller bankkontooverf\u00f8rsel.<br>Ved bankkontooverf\u00f8rsel skal bel\u00f8bet overf\u00f8res mindst 2 hverdage f\u00f8r behandlingen.<\/p>\n\n\n\n<p style=\"line-height:1\">Hvis man udebliver uden at melde afbud, vil der opkr\u00e6ves et gebyr (fuld pris)<\/p>\n\n\n\n<p style=\"line-height:1\">Send mig venligst en besked via sms eller p\u00e5 mail hvis du v\u00e6lger at overf\u00f8re pengene.<\/p>\n\n\n\n<p>Jeg gl\u00e6der mig til vi ses.<\/p>\n<\/div>\n","protected":false},"excerpt":{"rendered":"<p>Jeg hedder Katja. Jeg er en professionel sportskvinde. Jeg har deltaget i de Olympiske Lege (4. plads) og er dobbelt verdensmester i roning. Min karriere som sportskvinde, har givet mig erfaring, og kompetence, som nu forts\u00e6ttes som mass\u00f8r. Jeg er uddannet p\u00e5 Det Nationale Universitet for Idr\u00e6tskultur og Sport i byen Kiev; Ukraine. Jeg har [&hellip;]<\/p>\n","protected":false},"author":1,"featured_media":0,"parent":0,"menu_order":6,"comment_status":"closed","ping_status":"closed","template":"wp-custom-template-full-width","meta":{"footnotes":""},"class_list":["post-22","page","type-page","status-publish","hentry"],"_links":{"self":[{"href":"https:\/\/www.xn--sknhedssalonenformndogkvinder-7rc55c.dk\/index.php?rest_route=\/wp\/v2\/pages\/22","targetHints":{"allow":["GET"]}}],"collection":[{"href":"https:\/\/www.xn--sknhedssalonenformndogkvinder-7rc55c.dk\/index.php?rest_route=\/wp\/v2\/pages"}],"about":[{"href":"https:\/\/www.xn--sknhedssalonenformndogkvinder-7rc55c.dk\/index.php?rest_route=\/wp\/v2\/types\/page"}],"author":[{"embeddable":true,"href":"https:\/\/www.xn--sknhedssalonenformndogkvinder-7rc55c.dk\/index.php?rest_route=\/wp\/v2\/users\/1"}],"replies":[{"embeddable":true,"href":"https:\/\/www.xn--sknhedssalonenformndogkvinder-7rc55c.dk\/index.php?rest_route=%2Fwp%2Fv2%2Fcomments&post=22"}],"version-history":[{"count":15,"href":"https:\/\/www.xn--sknhedssalonenformndogkvinder-7rc55c.dk\/index.php?rest_route=\/wp\/v2\/pages\/22\/revisions"}],"predecessor-version":[{"id":224,"href":"https:\/\/www.xn--sknhedssalonenformndogkvinder-7rc55c.dk\/index.php?rest_route=\/wp\/v2\/pages\/22\/revisions\/224"}],"wp:attachment":[{"href":"https:\/\/www.xn--sknhedssalonenformndogkvinder-7rc55c.dk\/index.php?rest_route=%2Fwp%2Fv2%2Fmedia&parent=22"}],"curies":[{"name":"wp","href":"https:\/\/api.w.org\/{rel}","templated":true}]}}