{"id":20,"date":"2022-09-17T16:26:08","date_gmt":"2022-09-17T15:26:08","guid":{"rendered":"https:\/\/www.xn--sknhedssalonenformndogkvinder-7rc55c.dk\/?page_id=20"},"modified":"2022-09-29T18:41:37","modified_gmt":"2022-09-29T17:41:37","slug":"microdermobrasion","status":"publish","type":"page","link":"https:\/\/www.xn--sknhedssalonenformndogkvinder-7rc55c.dk\/?page_id=20","title":{"rendered":"Microdermobrasion"},"content":{"rendered":"\n<div class=\"wp-block-group alignwide is-horizontal is-nowrap is-layout-flex wp-container-core-group-is-layout-abcfcf85 wp-block-group-is-layout-flex\">\n<p style=\"line-height:1\">Microdermobrasion med \u00e6gte lasersk\u00e5rede diamanter.<br>Det nye system tilbyder det mest avancerede microdermobrasionsystem til eksfoliering af hele kroppen og stimulering af blodtilf\u00f8relsen, produktion af nye celler, kollagen og elastin, hvor man kan opn\u00e5 resultater, der kan ses og f\u00f8les med det samme. Alle behandlinger med hudafslibning best\u00e5r af dr\u00e6nering med justerbar og kontrolleret sugeevne, der stimulerer eliminering af toksiner, v\u00e6skeansamlinger og h\u00e6velser.<br>Huden bliver v\u00e6sentlig strammere, friskere og mere livlig.<br>Denne maskine giver ogs\u00e5 mulighed for udf\u00f8rer behahdling uden brug af afslibning. Denne type behandling best\u00e5r af dr\u00e6nering, som stimulerer, at affaldsstofferne transporteres bort, v\u00e6skeansamlinger og h\u00e6velser reduceres tydeligt, og blodgennemstr\u00f8mningen forbedres.<\/p>\n<\/div>\n","protected":false},"excerpt":{"rendered":"<p>Microdermobrasion med \u00e6gte lasersk\u00e5rede diamanter.Det nye system tilbyder det mest avancerede microdermobrasionsystem til eksfoliering af hele kroppen og stimulering af blodtilf\u00f8relsen, produktion af nye celler, kollagen og elastin, hvor man kan opn\u00e5 resultater, der kan ses og f\u00f8les med det samme. Alle behandlinger med hudafslibning best\u00e5r af dr\u00e6nering med justerbar og kontrolleret sugeevne, der stimulerer [&hellip;]<\/p>\n","protected":false},"author":1,"featured_media":0,"parent":0,"menu_order":3,"comment_status":"closed","ping_status":"closed","template":"wp-custom-template-full-width","meta":{"footnotes":""},"class_list":["post-20","page","type-page","status-publish","hentry"],"_links":{"self":[{"href":"https:\/\/www.xn--sknhedssalonenformndogkvinder-7rc55c.dk\/index.php?rest_route=\/wp\/v2\/pages\/20","targetHints":{"allow":["GET"]}}],"collection":[{"href":"https:\/\/www.xn--sknhedssalonenformndogkvinder-7rc55c.dk\/index.php?rest_route=\/wp\/v2\/pages"}],"about":[{"href":"https:\/\/www.xn--sknhedssalonenformndogkvinder-7rc55c.dk\/index.php?rest_route=\/wp\/v2\/types\/page"}],"author":[{"embeddable":true,"href":"https:\/\/www.xn--sknhedssalonenformndogkvinder-7rc55c.dk\/index.php?rest_route=\/wp\/v2\/users\/1"}],"replies":[{"embeddable":true,"href":"https:\/\/www.xn--sknhedssalonenformndogkvinder-7rc55c.dk\/index.php?rest_route=%2Fwp%2Fv2%2Fcomments&post=20"}],"version-history":[{"count":5,"href":"https:\/\/www.xn--sknhedssalonenformndogkvinder-7rc55c.dk\/index.php?rest_route=\/wp\/v2\/pages\/20\/revisions"}],"predecessor-version":[{"id":211,"href":"https:\/\/www.xn--sknhedssalonenformndogkvinder-7rc55c.dk\/index.php?rest_route=\/wp\/v2\/pages\/20\/revisions\/211"}],"wp:attachment":[{"href":"https:\/\/www.xn--sknhedssalonenformndogkvinder-7rc55c.dk\/index.php?rest_route=%2Fwp%2Fv2%2Fmedia&parent=20"}],"curies":[{"name":"wp","href":"https:\/\/api.w.org\/{rel}","templated":true}]}}