{"id":18,"date":"2022-09-17T16:26:39","date_gmt":"2022-09-17T15:26:39","guid":{"rendered":"https:\/\/www.xn--sknhedssalonenformndogkvinder-7rc55c.dk\/?page_id=18"},"modified":"2022-09-29T19:00:47","modified_gmt":"2022-09-29T18:00:47","slug":"neostrata-ansigtsbehandlinger","status":"publish","type":"page","link":"https:\/\/www.xn--sknhedssalonenformndogkvinder-7rc55c.dk\/?page_id=18","title":{"rendered":"Neostrata ansigts&shy;behandlinger"},"content":{"rendered":"\n<div class=\"wp-block-group alignwide is-vertical is-layout-flex wp-container-core-group-is-layout-fe9cc265 wp-block-group-is-layout-flex\">\n<h4 class=\"wp-block-heading\" style=\"line-height:1\">Konsultation og planl\u00e6gning af individuelt behandlingsforl\u00f8b <\/h4>\n\n\n\n<p style=\"line-height:1\">Inden behandlingsforl\u00f8b inviterer vi til en gratis konsultation, hvor der gives information om behandlingsmuligheder, priser og plejeprodukter.<\/p>\n\n\n\n<p style=\"line-height:1\">NeoStratas peelingsystem best\u00e5r af Retinol peeling, fire glykolsyrepeelinger og to m\u00e5lrettede specialpeelinger.<br>Specialpeelinger kan anvendes alene eller i kombination med en glykolsyrepeeling. <\/p>\n\n\n\n<p style=\"line-height:1\">I forbindelse med peelingbehandling anbefaler vi at man k\u00f8ber efterpeeling produkter, som forbedrer helingsprocessen og beskytter huden mod efterf\u00f8lgende solp\u00e5virkning.<\/p>\n\n\n\n<p style=\"line-height:1\">Ansigts- og halsbehandling med glykolsyrepeeling omfatter afrensning, glykolsyrepeeling, Bionic Oxygen Recovery maske, Aminofilcomplex, Bionic Face Creme og solfaktorcreme.<\/p>\n\n\n\n<p style=\"line-height:1\">Retinol peeling af ansigt og hals omfatter afrensning, p\u00e5f\u00f8ring af retinolpeeling, observering af huden i 10 min, vejledning i afvaskning af peelingen med vand i hjemmet efter det anbefalede antal timer samt vejledning i brug af plejeprodukter.<\/p>\n\n\n\n<h4 class=\"wp-block-heading\">NeoStrata Professionelt Peel System<\/h4>\n\n\n\n<p style=\"line-height:1\">Det professionelle peelingsystem fra NeoStrata kan tilpasses til en r\u00e6kke forskellige hudproblemer. <br>Med syv forskellige former for peeling er der mange muligheder for at tilpasse behandlingen til en r\u00e6kke tilstande i huden.<br>Der bruges forskellige styrker og sammens\u00e6tninger for at opfylde behov s\u00e5 optimalt som muligt.<br>NeoStrata peelingsystem kan med fordel anvendes i kombination med injektionsbehandlinger, mikrodermobrasion, laser\/IPL og andre \u00e6stetiske behandlinger.<\/p>\n<\/div>\n","protected":false},"excerpt":{"rendered":"<p>Konsultation og planl\u00e6gning af individuelt behandlingsforl\u00f8b Inden behandlingsforl\u00f8b inviterer vi til en gratis konsultation, hvor der gives information om behandlingsmuligheder, priser og plejeprodukter. NeoStratas peelingsystem best\u00e5r af Retinol peeling, fire glykolsyrepeelinger og to m\u00e5lrettede specialpeelinger.Specialpeelinger kan anvendes alene eller i kombination med en glykolsyrepeeling. I forbindelse med peelingbehandling anbefaler vi at man k\u00f8ber efterpeeling produkter, [&hellip;]<\/p>\n","protected":false},"author":1,"featured_media":0,"parent":0,"menu_order":3,"comment_status":"closed","ping_status":"closed","template":"","meta":{"footnotes":""},"class_list":["post-18","page","type-page","status-publish","hentry"],"_links":{"self":[{"href":"https:\/\/www.xn--sknhedssalonenformndogkvinder-7rc55c.dk\/index.php?rest_route=\/wp\/v2\/pages\/18","targetHints":{"allow":["GET"]}}],"collection":[{"href":"https:\/\/www.xn--sknhedssalonenformndogkvinder-7rc55c.dk\/index.php?rest_route=\/wp\/v2\/pages"}],"about":[{"href":"https:\/\/www.xn--sknhedssalonenformndogkvinder-7rc55c.dk\/index.php?rest_route=\/wp\/v2\/types\/page"}],"author":[{"embeddable":true,"href":"https:\/\/www.xn--sknhedssalonenformndogkvinder-7rc55c.dk\/index.php?rest_route=\/wp\/v2\/users\/1"}],"replies":[{"embeddable":true,"href":"https:\/\/www.xn--sknhedssalonenformndogkvinder-7rc55c.dk\/index.php?rest_route=%2Fwp%2Fv2%2Fcomments&post=18"}],"version-history":[{"count":10,"href":"https:\/\/www.xn--sknhedssalonenformndogkvinder-7rc55c.dk\/index.php?rest_route=\/wp\/v2\/pages\/18\/revisions"}],"predecessor-version":[{"id":227,"href":"https:\/\/www.xn--sknhedssalonenformndogkvinder-7rc55c.dk\/index.php?rest_route=\/wp\/v2\/pages\/18\/revisions\/227"}],"wp:attachment":[{"href":"https:\/\/www.xn--sknhedssalonenformndogkvinder-7rc55c.dk\/index.php?rest_route=%2Fwp%2Fv2%2Fmedia&parent=18"}],"curies":[{"name":"wp","href":"https:\/\/api.w.org\/{rel}","templated":true}]}}