{"id":13,"date":"2022-09-17T16:25:45","date_gmt":"2022-09-17T15:25:45","guid":{"rendered":"https:\/\/www.xn--sknhedssalonenformndogkvinder-7rc55c.dk\/?page_id=13"},"modified":"2022-09-29T18:49:54","modified_gmt":"2022-09-29T17:49:54","slug":"om-neostrata","status":"publish","type":"page","link":"https:\/\/www.xn--sknhedssalonenformndogkvinder-7rc55c.dk\/?page_id=13","title":{"rendered":"Om Neostrata"},"content":{"rendered":"\n<div class=\"wp-block-group alignwide is-layout-flow wp-block-group-is-layout-flow\">\n<p style=\"line-height:1\">Opdag en dermatologisk udviklet hudplejeserie og et behandlingskoncept, som anbefales og roses af hudl\u00e6ger i hele verden.<br>NeoStratas produkter og behandlinger s\u00e6lges kun hos medicinsk uddannet personale, som sygeplejersker, hudl\u00e6ger og plastikkirurger.<br>NeoStrata st\u00e5r for f\u00f8rende dermatologisk forskning og udvikling med dokumenteret effekt igennem 50 \u00e5r.<br>Grundl\u00e6ggerne af NeoStrata, Dr. Van Scott og Dr. Yu, er internationalt anerkendte for deres banebrydende opdagelse af alfahydroxysyrenes (AHA) betydning for huden.<br>Det var en stor oplevelse for mig at m\u00f8de dem p\u00e5 et kursus i USA.<br>De har blandt andet modtaget The Honorary Discovery Award fra Dermatology Foundation for deres vigtige forskning.<\/p>\n\n\n\n<figure class=\"wp-block-image size-full is-resized\"><img loading=\"lazy\" decoding=\"async\" src=\"https:\/\/www.xn--sknhedssalonenformndogkvinder-7rc55c.dk\/wp-content\/uploads\/2022\/09\/Neostrata.jpg\" alt=\"\" class=\"wp-image-14\" width=\"512\" height=\"261\" srcset=\"https:\/\/www.xn--sknhedssalonenformndogkvinder-7rc55c.dk\/wp-content\/uploads\/2022\/09\/Neostrata.jpg 1024w, https:\/\/www.xn--sknhedssalonenformndogkvinder-7rc55c.dk\/wp-content\/uploads\/2022\/09\/Neostrata-300x153.jpg 300w, https:\/\/www.xn--sknhedssalonenformndogkvinder-7rc55c.dk\/wp-content\/uploads\/2022\/09\/Neostrata-768x392.jpg 768w\" sizes=\"auto, (max-width: 512px) 100vw, 512px\" \/><\/figure>\n\n\n\n<p style=\"line-height:1\"><strong>NeoStratas behandlinger og produkter:<\/strong><br>\u2022 Normaliserer cellefornyelsen<br>\u2022 Giver \u00f8get fasthed og fyldighed<br>\u2022 Har positive effekter p\u00e5 vigtige funktioner i dermis: Kollagen, elastin, GAGs-hudtykkelse<br>\u2022 Minimerer pigmentforandringer og giver en j\u00e6vnere hudtone<br>\u2022 Eksfolierer og minimerer urenheder<br>\u2022 Modvirker t\u00f8r hud i ansigtet og kroppen<br>\u2022 Styrker huden barrier<br>\u2022 Minimerer nedbrydning, glykering<br>\u2022 Anbefales ogs\u00e5 til sensitiv hud, fx rosacea.<\/p>\n\n\n\n<figure class=\"wp-block-image size-full is-resized\"><img loading=\"lazy\" decoding=\"async\" src=\"https:\/\/www.xn--sknhedssalonenformndogkvinder-7rc55c.dk\/wp-content\/uploads\/2022\/09\/Neostrata-Foer-Efter.jpg\" alt=\"\" class=\"wp-image-16\" width=\"512\" height=\"343\" srcset=\"https:\/\/www.xn--sknhedssalonenformndogkvinder-7rc55c.dk\/wp-content\/uploads\/2022\/09\/Neostrata-Foer-Efter.jpg 1024w, https:\/\/www.xn--sknhedssalonenformndogkvinder-7rc55c.dk\/wp-content\/uploads\/2022\/09\/Neostrata-Foer-Efter-300x201.jpg 300w, https:\/\/www.xn--sknhedssalonenformndogkvinder-7rc55c.dk\/wp-content\/uploads\/2022\/09\/Neostrata-Foer-Efter-768x514.jpg 768w\" sizes=\"auto, (max-width: 512px) 100vw, 512px\" \/><\/figure>\n<\/div>\n","protected":false},"excerpt":{"rendered":"<p>Opdag en dermatologisk udviklet hudplejeserie og et behandlingskoncept, som anbefales og roses af hudl\u00e6ger i hele verden.NeoStratas produkter og behandlinger s\u00e6lges kun hos medicinsk uddannet personale, som sygeplejersker, hudl\u00e6ger og plastikkirurger.NeoStrata st\u00e5r for f\u00f8rende dermatologisk forskning og udvikling med dokumenteret effekt igennem 50 \u00e5r.Grundl\u00e6ggerne af NeoStrata, Dr. Van Scott og Dr. Yu, er internationalt anerkendte [&hellip;]<\/p>\n","protected":false},"author":1,"featured_media":0,"parent":18,"menu_order":4,"comment_status":"closed","ping_status":"closed","template":"wp-custom-template-full-width","meta":{"footnotes":""},"class_list":["post-13","page","type-page","status-publish","hentry"],"_links":{"self":[{"href":"https:\/\/www.xn--sknhedssalonenformndogkvinder-7rc55c.dk\/index.php?rest_route=\/wp\/v2\/pages\/13","targetHints":{"allow":["GET"]}}],"collection":[{"href":"https:\/\/www.xn--sknhedssalonenformndogkvinder-7rc55c.dk\/index.php?rest_route=\/wp\/v2\/pages"}],"about":[{"href":"https:\/\/www.xn--sknhedssalonenformndogkvinder-7rc55c.dk\/index.php?rest_route=\/wp\/v2\/types\/page"}],"author":[{"embeddable":true,"href":"https:\/\/www.xn--sknhedssalonenformndogkvinder-7rc55c.dk\/index.php?rest_route=\/wp\/v2\/users\/1"}],"replies":[{"embeddable":true,"href":"https:\/\/www.xn--sknhedssalonenformndogkvinder-7rc55c.dk\/index.php?rest_route=%2Fwp%2Fv2%2Fcomments&post=13"}],"version-history":[{"count":7,"href":"https:\/\/www.xn--sknhedssalonenformndogkvinder-7rc55c.dk\/index.php?rest_route=\/wp\/v2\/pages\/13\/revisions"}],"predecessor-version":[{"id":217,"href":"https:\/\/www.xn--sknhedssalonenformndogkvinder-7rc55c.dk\/index.php?rest_route=\/wp\/v2\/pages\/13\/revisions\/217"}],"up":[{"embeddable":true,"href":"https:\/\/www.xn--sknhedssalonenformndogkvinder-7rc55c.dk\/index.php?rest_route=\/wp\/v2\/pages\/18"}],"wp:attachment":[{"href":"https:\/\/www.xn--sknhedssalonenformndogkvinder-7rc55c.dk\/index.php?rest_route=%2Fwp%2Fv2%2Fmedia&parent=13"}],"curies":[{"name":"wp","href":"https:\/\/api.w.org\/{rel}","templated":true}]}}